{"id":10,"date":"2024-07-25T14:28:06","date_gmt":"2024-07-25T14:28:06","guid":{"rendered":"https:\/\/gpsites.co\/harmony\/?page_id=10"},"modified":"2026-04-23T03:23:55","modified_gmt":"2026-04-23T03:23:55","slug":"home","status":"publish","type":"page","link":"https:\/\/kathysanchez.com\/es\/","title":{"rendered":"INICIO"},"content":{"rendered":"<style>\n\/* Fix mobile slideout menu visibility *\/\n.slideout-navigation.main-navigation {\n  background-color: #1A1A1A !important;\n  opacity: 1 !important;\n}\n.slideout-navigation.main-navigation .main-nav ul li a {\n  color: #ffffff !important;\n  opacity: 1 !important;\n}\n.slideout-navigation.main-navigation .main-nav ul li a:hover {\n  color: #C58B75 !important;\n}\n.slideout-navigation button.slideout-exit {\n  color: #ffffff !important;\n}\n.slideout-navigation .main-nav ul ul {\n  background: #2D2D2D !important;\n}\n.slideout-navigation .main-nav ul ul li a {\n  color: #ffffff !important;\n}\n.slideout-navigation .main-nav ul ul li a:hover {\n  color: #C58B75 !important;\n}\n\n\/* Dark logo when header is scrolled on white background *\/\n.site-header.scrolled .header-image {\n  filter: brightness(0.3);\n  transition: filter 0.3s ease;\n}\n<\/style>\n\n\n<div class=\"gb-container gb-container-1e1db596 gbp-section\">\n<div class=\"gb-container gb-container-a00ec048 gbp-section__inner\">\n<div class=\"gb-container gb-container-934e0b5a\">\n\n<p class=\"gb-headline gb-headline-6f106db1 gb-headline-text\" style=\"text-shadow: 0 1px 6px rgba(0,0,0,0.3);\">COACH DE SALUD CERTIFICADA<\/p>\n\n\n\n<h1 class=\"gb-headline gb-headline-ef845f80 gb-headline-text gbp-section__headline\" style=\"text-shadow: 0 2px 12px rgba(0,0,0,0.4);\">Bienestar<br><em><mark class=\"gb-highlight\"><mark style=\"background-color:rgba(0, 0, 0, 0)\" class=\"has-inline-color has-contrast-2-color\">QUE DESPIERTA<\/mark><\/mark><\/em><br>TU PODER<\/h1>\n\n\n\n<div class=\"gb-headline gb-headline-e1f29fa7 gb-headline-text gbp-section__text\" style=\"text-shadow: 0 1px 8px rgba(0,0,0,0.4);\"><br><em>UN CAMINO DE BIENESTAR QUE TRANSFORMA TU ENERGIA, EQUILIBRA TU CUERPO, Y TE RECONECTA CON TU ESENCIA, CON EL PODER QUE HABITA EN TI<\/em><\/div>\n\n\n<div class=\"gb-container gb-container-cta-btn-wrap\">\n\n<a class=\"gb-text gb-text-880b4a73\" href=\"\/es\/contact\/\">INICIA TU TRANSFORMACI\u00d3N<\/a>\n\n\n\n<a class=\"gb-text gb-text-37dc2709\" href=\"https:\/\/kathysanchez.com\/es\/services\/\">VER SERVICIOS<\/a>\n\n<\/div>\n<\/div>\n<\/div>\n<\/div>\n\n<div class=\"gb-container gb-container-ac7f30a6 gbp-section\">\n<div class=\"gb-container gb-container-d50e18a4 gbp-section__inner\">\n<div class=\"gb-container gb-container-a411cb3b\">\n\n<h2 class=\"gb-headline gb-headline-diosa-title gb-headline-text\">Diosa Health <br><span style=\"color:#C58B75; font-style:italic;\">Method<\/span><\/h2>\n\n\n\n<p class=\"has-text-color has-link-color wp-elements-7178ef0e857b25cac03dc7021ef360ec\" style=\"color:#2D2D2D;font-style:normal;font-weight:300;line-height:1.8\">Diosa Health Method es una experiencia hol\u00edstica de coaching en salud, creado para mujeres y l\u00edderes que sostienen carreras exigentes y sienten el impacto real - f\u00edsico, emocional y energ\u00e9tico - de la presi\u00f3n constante.<\/p>\n\n\n\n<p class=\"has-2-d-2-d-2-d-color has-text-color\" style=\"font-style:normal;font-weight:300;line-height:1.8\"><p class=\"has-text-color\" style=\"border-left:2px solid rgba(197, 139, 117, 0.3);padding-left:30px;color:#2D2D2D;font-style:italic;line-height:1.8\">No es una dieta, un detox ni otro plan r\u00edgido de bienestar. Es una forma distinta de empezar a cuidarte. Es un m\u00e9todo estructurado y acompa\u00f1ado que te ayuda a regular el estr\u00e9s, recuperar tu energ\u00eda y crear h\u00e1bitos que realmente se adapten a tu estilo de vida.<\/p><\/p>\n\n\n\n<p class=\"has-text-color has-link-color wp-elements-94846b1b991dae57e06a8fff04505816\" style=\"color:#2D2D2D;font-style:normal;font-weight:300;line-height:1.8\">Basado en la regulaci\u00f3n del sistema nervioso, la nutrici\u00f3n consciente, el movimiento y la integraci\u00f3n de h\u00e1bitos sostenibles, Diosa Health Method te gu\u00eda de regreso a tu claridad, tu vitalidad y tu liderazgo personal.<\/p>\n\n\n\n<a class=\"gb-button gb-button-diosa-link\" href=\"https:\/\/kathysanchez.com\/es\/services\/\"><span class=\"gb-button-text\">DESCUBRE MIS SERVICIOS <\/span><span class=\"gb-icon\"><svg xmlns=\"http:\/\/www.w3.org\/2000\/svg\" width=\"16\" height=\"16\" fill=\"currentColor\" class=\"bi bi-arrow-right-circle-fill\" viewbox=\"0 0 16 16\">   <path d=\"M8 0a8 8 0 1 1 0 16A8 8 0 0 1 8 0zM4.5 7.5a.5.5 0 0 0 0 1h5.793l-2.147 2.146a.5.5 0 0 0 .708.708l3-3a.5.5 0 0 0 0-.708l-3-3a.5.5 0 1 0-.708.708L10.293 7.5H4.5z\"><\/path> <\/svg><\/span><\/a>\n\n<\/div>\n\n<div class=\"gb-container gb-container-0920aac6\">\n\n<figure class=\"gb-block-image gb-block-image-35fcfe33\"><img decoding=\"async\" class=\"gb-image gb-image-35fcfe33\" src=\"https:\/\/kathysanchez.com\/wp-content\/uploads\/2026\/04\/138001A4-B223-4023-8241-919DBC13EB36-scaled-1.webp\" alt=\"Kathy Sanchez - Certified Health Coach\"\/><\/figure>\n\n\n\n<figure class=\"gb-block-image gb-block-image-e60b521e\"><img decoding=\"async\" class=\"gb-image gb-image-e60b521e\" src=\"https:\/\/kathysanchez.com\/wp-content\/uploads\/2026\/04\/05120F1B-3779-4334-865C-10BBE76BB43F-scaled-1.webp\" alt=\"Kathy Sanchez meditation session\"\/><\/figure>\n\n<\/div>\n<\/div>\n<\/div>\n\n\n<section class=\"gb-element-adf091c6\">\n<div class=\"gb-element-a2e4d462\" style=\"--inline-bg-image: url(https:\/\/kathysanchez.com\/wp-content\/uploads\/2025\/12\/Recurso-3.png)\"><\/div>\n\n\n\n<div class=\"gb-element-39b4bfaf\">\n<div class=\"gb-element-4048722b\">\n<a class=\"gb-element-329348a9\">\n<img decoding=\"async\" class=\"gb-media-3e868fa7\" alt=\"\" src=\"https:\/\/kathysanchez.com\/wp-content\/uploads\/2026\/04\/D28CDED0-6934-4EDF-A1A8-C8FDC0AB1BD1-scaled-1.webp\" title=\"Kathy Sanchez Health Coach\"\/>\n<\/a>\n\n\n\n<div class=\"gb-element-34c44a29\" href=\"#\">\n<h2 class=\"gb-headline gb-headline-67b47163 gb-headline-text\"> <br><span style=\"color:#C58B75; font-style:italic;\">CONOCE A KATHY<\/span><\/h2>\n\n\n\n<p class=\"gb-headline gb-headline-cff79299 gb-headline-text\">Coach certificada en Nutrici\u00f3n y Salud, maestra de Yoga y creyente del poder de los peque\u00f1os cambios intencionales.<br><br>Despu\u00e9s de vivir tanto en la industria de la moda\ncomo en entornos corporativos,\nentiendo profundamente lo que significa vivir bajo presi\u00f3n constante,\naltas expectativas y ritmos exigentes\nque impactan tu cuerpo, tu mente y tu energ\u00eda.<br><br>Mi enfoque es pr\u00e1ctico y produndamente personalizado. Te acompa\u00f1o a construir una versi\u00f3n de ti m\u00e1s saludable, segura y alineada - una que realmente puedas sostener en el tiempo.<\/p>\n\n\n\n<a class=\"gb-text gb-text-df2a8296\" href=\"https:\/\/kathysanchez.com\/es\/meet-kathy\/\"><strong>M\u00c1S SOBRE M\u00cd<\/strong><\/a>\n<\/div>\n<\/div>\n<\/div>\n<\/section>\n\n\n<div class=\"gb-container gb-container-a947e833 gbp-section\" id=\"Services\">\n<div class=\"gb-container gb-container-636389a2 gbp-section__inner\">\n<div class=\"gb-container gb-container-3a434664\">\n\n<h2 class=\"gb-headline gb-headline-b53ba899 gb-headline-text\"> <br><span style=\"color:#C58B75; font-style:italic;\">MIS SERVICIOS<\/span><\/h2>\n\n\n\n<div class=\"gb-headline gb-headline-dddf12f8 gb-headline-text gbp-section__text\"><em>Dise\u00f1ados para mujeres que sostienen una vida de exigencias y  no est\u00e1n dispuestas a sacrificar su bienestar por el \u00e9xito.<\/em><\/div>\n\n<\/div>\n<\/div>\n\n<div class=\"gb-container gb-container-c55e1d98\">\n<div class=\"gb-grid-wrapper gb-grid-wrapper-09d2b1ba\">\n<div class=\"gb-grid-column gb-grid-column-e7d3e719\"><div class=\"gb-container gb-container-e7d3e719 gbp-card--border\">\n\n<figure class=\"gb-block-image gb-block-image-1e3c17ba\"><img decoding=\"async\" class=\"gb-image gb-image-1e3c17ba\" src=\"https:\/\/kathysanchez.com\/wp-content\/uploads\/2026\/04\/diosa-reset-homepage.webp\" alt=\"Diosa Reset 14-day program\"\/><\/figure>\n\n\n<div class=\"gb-container gb-container-59db4e53\">\n\n<p class=\"gb-headline gb-headline-4ecd2a58 gb-headline-text\"><strong>CAMINO INICIAL<\/strong><\/p>\n\n\n\n<h3 class=\"gb-headline gb-headline-a9abd6fb gb-headline-text gbp-section__text\"><strong>DIOSA RESET - 14 D\u00cdAS<\/strong><br><\/h3>\n\n\n\n<div class=\"gb-headline gb-headline-bf7ebab4 gb-headline-text gbp-section__text\">Un reset guiado de 14 d\u00edas, dise\u00f1ado para regular tu sistema nervioso, recuperar  tu energ\u00eda y reconectar con tu cuerpo - integrando nutrici\u00f3n, h\u00e1bitos y bienestar emocional y mental - sin reglas extremas<\/div>\n\n\n<div class=\"gb-container gb-container-9589ee8c\">\n\n<a class=\"gb-button gb-button-mk-cta-btn\" href=\"https:\/\/kathysanchez.com\/es\/diosa-reset\/\"><span class=\"gb-button-text\">EMPIEZA TU RESET<\/span><span class=\"gb-icon\"><svg xmlns=\"http:\/\/www.w3.org\/2000\/svg\" width=\"16\" height=\"16\" fill=\"currentColor\" viewbox=\"0 0 16 16\"><path fill-rule=\"evenodd\" d=\"M1 8a.5.5 0 0 1 .5-.5h11.793l-3.147-3.146a.5.5 0 0 1 .708-.708l4 4a.5.5 0 0 1 0 .708l-4 4a.5.5 0 0 1-.708-.708L13.293 8.5H1.5A.5.5 0 0 1 1 8z\"><\/path><\/svg><\/span><\/a>\n\n<\/div>\n<\/div>\n<\/div><\/div>\n\n<div class=\"gb-grid-column gb-grid-column-4c5ce069\"><div class=\"gb-container gb-container-4c5ce069 gbp-card--border\">\n\n<figure class=\"gb-block-image gb-block-image-ae6df88f\"><img loading=\"lazy\" decoding=\"async\" width=\"684\" height=\"1024\" class=\"gb-image gb-image-ae6df88f\" src=\"https:\/\/kathysanchez.com\/wp-content\/uploads\/2026\/01\/0C767872-9280-421B-A35E-CC722F47CCBD-684x1024.jpg\" alt=\"1:1 Signature Coaching session\" srcset=\"https:\/\/kathysanchez.com\/wp-content\/uploads\/2026\/01\/0C767872-9280-421B-A35E-CC722F47CCBD-684x1024.jpg 684w, https:\/\/kathysanchez.com\/wp-content\/uploads\/2026\/01\/0C767872-9280-421B-A35E-CC722F47CCBD-200x300.jpg 200w, https:\/\/kathysanchez.com\/wp-content\/uploads\/2026\/01\/0C767872-9280-421B-A35E-CC722F47CCBD-768x1150.jpg 768w, https:\/\/kathysanchez.com\/wp-content\/uploads\/2026\/01\/0C767872-9280-421B-A35E-CC722F47CCBD-1025x1536.jpg 1025w, https:\/\/kathysanchez.com\/wp-content\/uploads\/2026\/01\/0C767872-9280-421B-A35E-CC722F47CCBD-1367x2048.jpg 1367w, https:\/\/kathysanchez.com\/wp-content\/uploads\/2026\/01\/0C767872-9280-421B-A35E-CC722F47CCBD-scaled.jpg 1709w\" sizes=\"auto, (max-width: 684px) 100vw, 684px\" \/><\/figure>\n\n\n<div class=\"gb-container gb-container-fbb57aea\">\n\n<p class=\"gb-headline gb-headline-a94406a3 gb-headline-text\"><strong>TRANSFORMACI\u00d3N EXCLUSIVA<\/strong><\/p>\n\n\n\n<h3 class=\"gb-headline gb-headline-e19c1b4c gb-headline-text gbp-section__text\"><strong>1:1 Signature Coaching<\/strong><br><\/h3>\n\n\n\n<div class=\"gb-headline gb-headline-db5e9a7a gb-headline-text gbp-section__text\">Una experiencia de coaching 1:1 personalizada. Para ayudarte a regular tu sistema nervioso, recuperar tu energ\u00eda y transformar tu relaci\u00f3n con tu cuerpo, tu mente y tu bienestar.<\/div>\n\n\n<div class=\"gb-container gb-container-95dd25ed\">\n\n<a class=\"gb-button gb-button-fae625ea\" href=\"\/es\/coaching\/\"><span class=\"gb-button-text\">CONOCE M\u00c1S<\/span><span class=\"gb-icon\"><svg xmlns=\"http:\/\/www.w3.org\/2000\/svg\" width=\"16\" height=\"16\" fill=\"currentColor\" viewbox=\"0 0 16 16\"><path fill-rule=\"evenodd\" d=\"M1 8a.5.5 0 0 1 .5-.5h11.793l-3.147-3.146a.5.5 0 0 1 .708-.708l4 4a.5.5 0 0 1 0 .708l-4 4a.5.5 0 0 1-.708-.708L13.293 8.5H1.5A.5.5 0 0 1 1 8z\"><\/path><\/svg><\/span><\/a>\n\n<\/div>\n<\/div>\n<\/div><\/div>\n\n<div class=\"gb-grid-column gb-grid-column-559c4cf6\"><div class=\"gb-container gb-container-559c4cf6 gbp-card--border\">\n\n<figure class=\"gb-block-image gb-block-image-fd480c3e\"><img loading=\"lazy\" decoding=\"async\" width=\"1280\" height=\"854\" class=\"gb-image gb-image-fd480c3e\" src=\"https:\/\/kathysanchez.com\/wp-content\/uploads\/2026\/01\/KS-yoga2.jpeg\" alt=\"Yoga and Somatics class\" srcset=\"https:\/\/kathysanchez.com\/wp-content\/uploads\/2026\/01\/KS-yoga2.jpeg 1280w, https:\/\/kathysanchez.com\/wp-content\/uploads\/2026\/01\/KS-yoga2-300x200.jpeg 300w, https:\/\/kathysanchez.com\/wp-content\/uploads\/2026\/01\/KS-yoga2-1024x683.jpeg 1024w, https:\/\/kathysanchez.com\/wp-content\/uploads\/2026\/01\/KS-yoga2-768x512.jpeg 768w\" sizes=\"auto, (max-width: 1280px) 100vw, 1280px\" \/><\/figure>\n\n\n<div class=\"gb-container gb-container-5730ffb9\">\n\n<p class=\"gb-headline gb-headline-daf408bc gb-headline-text\"><strong>MOVIMIENTO CONSCIENTE<\/strong><\/p>\n\n\n\n<h3 class=\"gb-headline gb-headline-ebd31c11 gb-headline-text gbp-section__text\"><strong>Yoga &amp; Somatics<\/strong><br><\/h3>\n\n\n\n<div class=\"gb-headline gb-headline-886c247a gb-headline-text gbp-section__text\">Sesiones en l\u00ednea y presenciales dise\u00f1adas para liberar tensi\u00f3n acumulada, regular tu sistema nervioso y ayudarte a regresar a tu centro.<\/div>\n\n\n<div class=\"gb-container gb-container-c39904e5\">\n\n<a class=\"gb-button gb-button-b39164ca\" href=\"\/es\/yoga\/\"><span class=\"gb-button-text\">CONOCE M\u00c1S<\/span><span class=\"gb-icon\"><svg xmlns=\"http:\/\/www.w3.org\/2000\/svg\" width=\"16\" height=\"16\" fill=\"currentColor\" viewbox=\"0 0 16 16\"><path fill-rule=\"evenodd\" d=\"M1 8a.5.5 0 0 1 .5-.5h11.793l-3.147-3.146a.5.5 0 0 1 .708-.708l4 4a.5.5 0 0 1 0 .708l-4 4a.5.5 0 0 1-.708-.708L13.293 8.5H1.5A.5.5 0 0 1 1 8z\"><\/path><\/svg><\/span><\/a>\n\n<\/div>\n<\/div>\n<\/div><\/div>\n\n<div class=\"gb-grid-column gb-grid-column-92f9ff30\"><div class=\"gb-container gb-container-92f9ff30 gbp-card--border\">\n\n<figure class=\"gb-block-image gb-block-image-aeeeec9e\"><img loading=\"lazy\" decoding=\"async\" width=\"1280\" height=\"853\" class=\"gb-image gb-image-aeeeec9e\" src=\"https:\/\/kathysanchez.com\/wp-content\/uploads\/2026\/01\/Corporate-Wellness.jpeg\" alt=\"Corporate Wellness workshop\" srcset=\"https:\/\/kathysanchez.com\/wp-content\/uploads\/2026\/01\/Corporate-Wellness.jpeg 1280w, https:\/\/kathysanchez.com\/wp-content\/uploads\/2026\/01\/Corporate-Wellness-300x200.jpeg 300w, https:\/\/kathysanchez.com\/wp-content\/uploads\/2026\/01\/Corporate-Wellness-1024x682.jpeg 1024w, https:\/\/kathysanchez.com\/wp-content\/uploads\/2026\/01\/Corporate-Wellness-768x512.jpeg 768w\" sizes=\"auto, (max-width: 1280px) 100vw, 1280px\" \/><\/figure>\n\n\n<div class=\"gb-container gb-container-ac9a8096\">\n\n<p class=\"gb-headline gb-headline-8c9fd998 gb-headline-text\"><strong>BIENESTAR DEL EQUIPO<\/strong><\/p>\n\n\n\n<h3 class=\"gb-headline gb-headline-1e2bf319 gb-headline-text gbp-section__text\"><strong>Corporate Resilience<\/strong><br><\/h3>\n\n\n\n<div class=\"gb-headline gb-headline-d9e3f228 gb-headline-text gbp-section__text\">Workshops y experiencias dise\u00f1adas para empresas que entienden que su activo m\u00e1s importante es la energ\u00eda y la salud mental de sus l\u00edderes. Con un enfoque en  bienestar integral y alineado a la NOM-035 en M\u00e9xico.<\/div>\n\n\n<div class=\"gb-container gb-container-ac12e005\">\n\n<a class=\"gb-button gb-button-5267766a\" href=\"https:\/\/kathysanchez.com\/es\/corporate-wellness\/\"><span class=\"gb-button-text\">BIENESTAR LABORAL<\/span><span class=\"gb-icon\"><svg xmlns=\"http:\/\/www.w3.org\/2000\/svg\" width=\"16\" height=\"16\" fill=\"currentColor\" viewbox=\"0 0 16 16\"><path fill-rule=\"evenodd\" d=\"M1 8a.5.5 0 0 1 .5-.5h11.793l-3.147-3.146a.5.5 0 0 1 .708-.708l4 4a.5.5 0 0 1 0 .708l-4 4a.5.5 0 0 1-.708-.708L13.293 8.5H1.5A.5.5 0 0 1 1 8z\"><\/path><\/svg><\/span><\/a>\n\n<\/div>\n<\/div>\n<\/div><\/div>\n<\/div>\n<\/div>\n<div class=\"gb-shapes\"><div class=\"gb-shape gb-shape-1\"><svg xmlns=\"http:\/\/www.w3.org\/2000\/svg\" viewbox=\"0 0 1200 194.3\" preserveaspectratio=\"none\"><path d=\"M1200 133.3l-50 8.9c-50 8.6-150 26.9-250 31.1-100 4.2-200-4.2-300-26.7S400 89.2 300 62.2C200 35.8 100 17.5 50 8.9L0 0v194.3h1200v-61z\"\/><\/svg><\/div><\/div><\/div>\n\n<div class=\"gb-container gb-container-cta-section gbp-section\">\n<div class=\"gb-container gb-container-cta-inner gbp-section__inner\">\n\n<h2 class=\"gb-headline gb-headline-cta-heading gb-headline-text translation-block\">COMIENZA CON TU SESI\u00d3N GRATIS<\/h2>\n\n\n\n<p class=\"gb-headline gb-headline-cta-subtext gb-headline-text\">Una sesi\u00f3n de 30 minutos para explorar tu historia de salud, tus metas de bienestar y c\u00f3mo el M\u00e9todo Diosa puede acompa\u00f1arte en tu proceso.<\/p>\n\n\n<div class=\"gb-container gb-container-6f1829ee\">\n\n<a class=\"gb-text gb-text-cta-btn\" href=\"https:\/\/kathysanchez.com\/es\/consultation\/\"><strong>AGENDA TU SESI\u00d3N GRATUITA<\/strong><\/a>\n\n<\/div>\n<\/div>\n<\/div>\n\n<div class=\"gb-container gb-container-test-section gbp-section\">\n<div class=\"gb-container gb-container-test-inner gbp-section__inner\">\n\n<p class=\"gb-headline gb-headline-test-overline gb-headline-text\">VOCES DE TRANSFORMACI\u00d3N<\/p>\n\n\n\n<h2 class=\"gb-headline gb-headline-test-heading gb-headline-text\">LO QUE ELLAS <br><span style=\"color:#C58B75; font-style:italic;\">DICEN<\/span><\/h2>\n\n\n<div class=\"gb-grid-wrapper gb-grid-wrapper-test-grid\">\n<div class=\"gb-grid-column gb-grid-column-test-card-1\"><div class=\"gb-container gb-container-test-card-1\">\n\n<div class=\"gb-headline gb-headline-test-quote-icon-1 gb-headline-text\">\u201c<\/div>\n\n\n\n<p class=\"gb-headline gb-headline-test-quote-1 gb-headline-text\">Trabajar con Kathy cambi\u00f3 mi vida. Por fin entiendo lo que mi cuerpo necesita y c\u00f3mo cuidarlo sin la presi\u00f3n de la perfecci\u00f3n.<\/p>\n\n\n\n<p class=\"gb-headline gb-headline-test-name-1 gb-headline-text\">Andrea M.<\/p>\n\n\n\n<p class=\"gb-headline gb-headline-test-role-1 gb-headline-text\">Directora de Marketing<\/p>\n\n<\/div><\/div>\n\n<div class=\"gb-grid-column gb-grid-column-test-card-2\"><div class=\"gb-container gb-container-test-card-2\">\n\n<div class=\"gb-headline gb-headline-test-quote-icon-2 gb-headline-text\">\u201c<\/div>\n\n\n\n<p class=\"gb-headline gb-headline-test-quote-2 gb-headline-text\">Me siento m\u00e1s ligera, m\u00e1s clara y m\u00e1s conectada conmigo misma que en a\u00f1os. El M\u00e9todo Diosa me dio herramientas reales para transformarme.<\/p>\n\n\n\n<p class=\"gb-headline gb-headline-test-name-2 gb-headline-text\">Valentina R.<\/p>\n\n\n\n<p class=\"gb-headline gb-headline-test-role-2 gb-headline-text\">Empresaria<\/p>\n\n<\/div><\/div>\n\n<div class=\"gb-grid-column gb-grid-column-test-card-3\"><div class=\"gb-container gb-container-test-card-3\">\n\n<div class=\"gb-headline gb-headline-test-quote-icon-3 gb-headline-text\">\u201c<\/div>\n\n\n\n<p class=\"gb-headline gb-headline-test-quote-3 gb-headline-text\">Mi digesti\u00f3n y mi energ\u00eda mejoraron much\u00edsimo. Nunca imagin\u00e9 que peque\u00f1os cambios pudieran generar una diferencia tan grande.<\/p>\n\n\n\n<p class=\"gb-headline gb-headline-test-name-3 gb-headline-text\">Sofia L.<\/p>\n\n\n\n<p class=\"gb-headline gb-headline-test-role-3 gb-headline-text\">Ejecutiva de Finanzas<\/p>\n\n<\/div><\/div>\n<\/div>\n\n<div class=\"gb-container gb-container-test-more-wrap\">\n\n<a class=\"gb-button gb-button-test-more-btn\" href=\"\/es\/testimonials\/\"><span class=\"gb-button-text\">M\u00c1S HISTORIAS<\/span><span class=\"gb-icon\"><svg xmlns=\"http:\/\/www.w3.org\/2000\/svg\" width=\"16\" height=\"16\" fill=\"currentColor\" viewbox=\"0 0 16 16\"><path d=\"M8 0a8 8 0 1 1 0 16A8 8 0 0 1 8 0zM4.5 7.5a.5.5 0 0 0 0 1h5.793l-2.147 2.146a.5.5 0 0 0 .708.708l3-3a.5.5 0 0 0 0-.708l-3-3a.5.5 0 1 0-.708.708L10.293 7.5H4.5z\"><\/path><\/svg><\/span><\/a>\n\n<\/div>\n<\/div>\n<\/div>\n\n<div class=\"gb-container gb-container-f0124388 gbp-section\">\n<div class=\"gb-container gb-container-90fb1406 gbp-section__inner\">\n\n<h2 class=\"gb-headline gb-headline-547c9aed gb-headline-text\">Diosa <span style=\"color:#C58B75; font-style:italic;\">Mantra<\/span><\/h2>\n\n\n\n<p class=\"gb-headline gb-headline-6875cd24 gb-headline-text\"><em>&#8220;<em>\"Regresa a tu centro.<br>Enciende tu luz.<br>Despierta tu poder:<br>Eres una Diosa\"<\/em>&#8220;<\/em><\/p>\n\n<\/div>\n<\/div>\n\n<div class=\"gb-container gb-container-news-section gbp-section\">\n<div class=\"gb-container gb-container-news-inner\">\n\n<h3 class=\"gb-headline gb-headline-news-heading gb-headline-text\">\u00danete A La Comunidad Diosa<\/h3>\n\n\n\n<p class=\"gb-headline gb-headline-news-subtext gb-headline-text\">Herramientas de bienestar, ofertas exclusivas e inspiraci\u00f3n directo a tu correo.<\/p>\n\n\n<div class=\"gb-container gb-container-news-form-wrap\">\n\n<form id=\"diosa-newsletter-form\" style=\"display:flex;flex-direction:row;gap:1rem;align-items:stretch;width:100%;\" action=\"\">\n  <input type=\"email\" id=\"diosa-nl-email\" name=\"email\" placeholder=\"Tu email\" required style=\"flex:1;background:rgba(255,255,255,0.1);border:1px solid rgba(255,255,255,0.1);border-radius:9999px;padding:1rem 1.5rem;font-size:0.875rem;color:#ffffff;outline:none;\" \/>\n  <button type=\"submit\" id=\"diosa-nl-btn\" style=\"display:inline-flex;align-items:center;justify-content:center;background-color:#C58B75;color:#ffffff;font-size:11px;font-weight:700;letter-spacing:0.2em;line-height:1rem;text-transform:uppercase;white-space:nowrap;border-radius:9999px;padding:1rem 2rem;border:none;cursor:pointer;transition:background 0.3s;\">SUSCRIBIRME<\/button>\n<input type=\"hidden\" name=\"trp-form-language\" value=\"es\"\/><\/form>\n<div id=\"diosa-nl-status\" style=\"display:none;text-align:center;padding:10px;border-radius:12px;font-size:14px;margin-top:0.75rem;\"><\/div>\n<script>\n(function(){\n  var form = document.getElementById(\"diosa-newsletter-form\");\n  if(!form) return;\n  var amp = String.fromCharCode(38);\n\n  form.addEventListener(\"submit\", function(e){\n    e.preventDefault();\n    var btn = document.getElementById(\"diosa-nl-btn\");\n    var status = document.getElementById(\"diosa-nl-status\");\n    var emailInput = document.getElementById(\"diosa-nl-email\");\n    var email = emailInput.value.trim();\n\n    if(!email){\n      emailInput.style.boxShadow = \"0 0 0 2px #C58B75\";\n      emailInput.focus();\n      return;\n    }\n    emailInput.style.boxShadow = \"none\";\n\n    btn.disabled = true;\n    btn.textContent = \"Subscribing...\";\n    btn.style.opacity = \"0.6\";\n    status.style.display = \"none\";\n\n    var dataString = \"email=\" + encodeURIComponent(email);\n    var body = \"action=fluentform_submit\" + amp + \"form_id=3\" + amp + \"data=\" + encodeURIComponent(dataString);\n\n    fetch(\"\/wp-admin\/admin-ajax.php\", {\n      method: \"POST\",\n      headers: { \"Content-Type\": \"application\/x-www-form-urlencoded\" },\n      body: body\n    })\n    .then(function(r){ return r.json(); })\n    .then(function(res){\n      if(res.success){\n        status.style.display = \"block\";\n        status.style.background = \"rgba(255,255,255,0.15)\";\n        status.style.color = \"#ffffff\";\n        status.textContent = \"Welcome to the Diosa community! Check your inbox soon.\";\n        form.reset();\n      } else {\n        status.style.display = \"block\";\n        status.style.background = \"rgba(255,100,100,0.2)\";\n        status.style.color = \"#ffffff\";\n        status.textContent = \"Something went wrong. Please try again.\";\n      }\n    })\n    .catch(function(){\n      status.style.display = \"block\";\n      status.style.background = \"rgba(255,100,100,0.2)\";\n      status.style.color = \"#ffffff\";\n      status.textContent = \"Network error. Please try again.\";\n    })\n    .finally(function(){\n      btn.disabled = false;\n      btn.textContent = \"SUBSCRIBE\";\n      btn.style.opacity = \"1\";\n    });\n  });\n})();\n<\/script>\n\n<\/div>\n<\/div>\n<\/div>","protected":false},"excerpt":{"rendered":"<p>Certified health coach WellnessAwakensPower Your wellbeing path that elevates your energy, aligns your body, and reconnects you with your essence and the power within. Start your Transformation VIEW SERVICES Diosa Health Method Diosa Health Method is a holistic, online health coaching experience designed for business women and leaders who manage demanding careers and feel the &#8230; <a title=\"INICIO\" class=\"read-more\" href=\"https:\/\/kathysanchez.com\/es\/\" aria-label=\"Leer m\u00e1s sobre Home\">Read more<\/a><\/p>","protected":false},"author":1,"featured_media":0,"parent":0,"menu_order":0,"comment_status":"closed","ping_status":"closed","template":"","meta":{"footnotes":""},"class_list":["post-10","page","type-page","status-publish"],"_links":{"self":[{"href":"https:\/\/kathysanchez.com\/es\/wp-json\/wp\/v2\/pages\/10","targetHints":{"allow":["GET"]}}],"collection":[{"href":"https:\/\/kathysanchez.com\/es\/wp-json\/wp\/v2\/pages"}],"about":[{"href":"https:\/\/kathysanchez.com\/es\/wp-json\/wp\/v2\/types\/page"}],"author":[{"embeddable":true,"href":"https:\/\/kathysanchez.com\/es\/wp-json\/wp\/v2\/users\/1"}],"replies":[{"embeddable":true,"href":"https:\/\/kathysanchez.com\/es\/wp-json\/wp\/v2\/comments?post=10"}],"version-history":[{"count":153,"href":"https:\/\/kathysanchez.com\/es\/wp-json\/wp\/v2\/pages\/10\/revisions"}],"predecessor-version":[{"id":1315,"href":"https:\/\/kathysanchez.com\/es\/wp-json\/wp\/v2\/pages\/10\/revisions\/1315"}],"wp:attachment":[{"href":"https:\/\/kathysanchez.com\/es\/wp-json\/wp\/v2\/media?parent=10"}],"curies":[{"name":"wp","href":"https:\/\/api.w.org\/{rel}","templated":true}]}}