{"id":779,"date":"2026-02-12T17:26:39","date_gmt":"2026-02-12T17:26:39","guid":{"rendered":"https:\/\/tra-staging.com\/diosa\/?page_id=779"},"modified":"2026-04-23T03:22:04","modified_gmt":"2026-04-23T03:22:04","slug":"meet-kathy","status":"publish","type":"page","link":"https:\/\/kathysanchez.com\/es\/meet-kathy\/","title":{"rendered":"CONOCE A KATHY"},"content":{"rendered":"<style>\n.slideout-navigation.main-navigation { background-color: #1A1A1A !important; opacity: 1 !important; }\n.slideout-navigation.main-navigation .main-nav ul li a { color: #ffffff !important; opacity: 1 !important; }\n.slideout-navigation.main-navigation .main-nav ul li a:hover { color: #C58B75 !important; }\n.slideout-navigation button.slideout-exit { color: #ffffff !important; }\n.slideout-navigation .main-nav ul ul { background: #2D2D2D !important; }\n.slideout-navigation .main-nav ul ul li a { color: #ffffff !important; }\n.slideout-navigation .main-nav ul ul li a:hover { color: #C58B75 !important; }\n\n\/* Dark logo when header is scrolled on white background *\/\n.site-header.scrolled .header-image {\n  filter: brightness(0.3);\n  transition: filter 0.3s ease;\n}\n<\/style>\n\n\n<div class=\"gb-container gb-container-dr-hero-wrap gbp-section\">\n<div class=\"gb-container gb-container-dr-hero-inner gbp-section__inner\">\n<div class=\"gb-container gb-container-dr-hero-content\">\n\n<p class=\"gb-headline gb-headline-dr-hero-overline gb-headline-text\">TU GU\u00cdA<\/p>\n\n\n\n<h1 class=\"gb-headline gb-headline-dr-hero-title gb-headline-text gbp-section__headline\">Conoce a <em><span style=\"color:#C58B75\">Kathy<\/span><\/em><\/h1>\n\n\n\n<div class=\"gb-headline gb-headline-dr-hero-subtext gb-headline-text gbp-section__text\"><br><em>Detr\u00e1s de una vida de alto rendimiento,\nmuchas veces existe un costo invisible.\nYo tambi\u00e9n lo viv\u00ed. Y aprend\u00ed a reconstruirme\ndesde un lugar de equilibrio, claridad y conexi\u00f3n interna. Hoy acompa\u00f1o a otras mujeres a hacer lo mismo.<\/em><\/div>\n\n\n<div class=\"gb-container gb-container-mk-hero-btn-wrap\">\n\n<a class=\"gb-text gb-text-mk-hero-btn-primary\" href=\"\/es\/contact\/\">COMIENZA TU TRANSFORMACI\u00d3N<\/a>\n\n<\/div>\n<\/div>\n<\/div>\n<\/div>\n\n<div class=\"gb-container gb-container-mk-mission gbp-section\">\n<div class=\"gb-container gb-container-mk-mission-inner gbp-section__inner\">\n\n<figure class=\"gb-block-image gb-block-image-mk-mission-icon\"><img loading=\"lazy\" decoding=\"async\" width=\"1982\" height=\"2006\" class=\"gb-image gb-image-mk-mission-icon spinning-cta-logo\" src=\"https:\/\/kathysanchez.com\/wp-content\/uploads\/2026\/02\/SIMBOLO-TERRA.png\" alt=\"Diosa Health symbol\" title=\"Diosa Health\" srcset=\"https:\/\/kathysanchez.com\/wp-content\/uploads\/2026\/02\/SIMBOLO-TERRA.png 1982w, https:\/\/kathysanchez.com\/wp-content\/uploads\/2026\/02\/SIMBOLO-TERRA-296x300.png 296w, https:\/\/kathysanchez.com\/wp-content\/uploads\/2026\/02\/SIMBOLO-TERRA-1012x1024.png 1012w, https:\/\/kathysanchez.com\/wp-content\/uploads\/2026\/02\/SIMBOLO-TERRA-768x777.png 768w, https:\/\/kathysanchez.com\/wp-content\/uploads\/2026\/02\/SIMBOLO-TERRA-1518x1536.png 1518w\" sizes=\"auto, (max-width: 1982px) 100vw, 1982px\" \/><\/figure>\n\n\n\n<p class=\"gb-headline gb-headline-mk-mission-overline gb-headline-text\">MI MISI\u00d3N<\/p>\n\n\n\n<p class=\"gb-headline gb-headline-mk-mission-quote gb-headline-text\">Acompa\u00f1o a mujeres a regresar a s\u00ed mismas, a reconectar con su esencia y habitar su cuerpo con conciencia, para vivir desde un lugar de claridad, equilibrio y confianza interna.<\/p>\n\n<\/div>\n<\/div>\n\n<div class=\"gb-container gb-container-mk-bio1 gbp-section\">\n<div class=\"gb-container gb-container-mk-bio1-inner gbp-section__inner\">\n<div class=\"gb-container gb-container-mk-bio1-img-wrap\">\n\n<figure class=\"gb-block-image gb-block-image-mk-bio1-img\"><img decoding=\"async\" class=\"gb-image gb-image-mk-bio1-img\" src=\"https:\/\/kathysanchez.com\/wp-content\/uploads\/2026\/04\/WhatsApp-Image-2026-02-15-at-16.04.58-763x1024-1.webp\" alt=\"Kathy Sanchez - international model and wellness coach\" title=\"Kathy Sanchez\"\/><\/figure>\n\n<\/div>\n\n<div class=\"gb-container gb-container-mk-bio1-text\">\n\n<p class=\"gb-headline gb-headline-mk-bio1-overline gb-headline-text\">UNA NUEVA DEFINICI\u00d3N DEL \u00c9XITO<\/p>\n\n\n\n<p class=\"gb-text gb-text-mk-bio1-p1\">Mi camino hacia el bienestar comenz\u00f3 en el mundo del modelaje, donde aprend\u00ed desde muy temprano lo profundamente conectados que est\u00e1n el cuerpo, la energ\u00eda y la mente.<\/p>\n\n\n\n<p class=\"gb-text gb-text-mk-bio1-p2\">Viv\u00ed entre Asia, Europa y Latinoam\u00e9rica,\ntrabajando con marcas como Loewe y Cartier,\ny apareciendo en portadas como Cosmopolitan.\nDesde fuera, era un mundo aspiracional. Por dentro, tambi\u00e9n implicaba disciplina, presi\u00f3n y una exigencia constante por sostener una imagen.<\/p>\n\n\n\n<p class=\"gb-text gb-text-mk-bio1-p3\">Ah\u00ed entend\u00ed algo importante: Cuidarme no pod\u00eda venir desde los extremos ni la restricci\u00f3n, sino desde la consciencia, el equilibrio y el respeto por mi propio cuerpo. Esa forma de verme cambi\u00f3 todo.<\/p>\n\n<\/div>\n<\/div>\n<\/div>\n\n<div class=\"gb-container gb-container-mk-bio2 gbp-section\">\n<div class=\"gb-container gb-container-mk-bio2-inner gbp-section__inner\">\n<div class=\"gb-container gb-container-mk-bio2-text\">\n\n<p class=\"gb-headline gb-headline-mk-bio2-overline gb-headline-text\">EL PUNTO DE QUIEBRE<\/p>\n\n\n\n<p class=\"gb-text gb-text-mk-bio2-p1\">A medida que mi camino evolucion\u00f3, me adentr\u00e9 en entornos corporativos, trabajando largas jornadas bajo presi\u00f3n en empresas como Deutsche Bank y dentro de la industria del entretenimiento.<\/p>\n\n\n\n<p class=\"gb-text gb-text-mk-bio2-p2\">Por fuera, todo parec\u00eda exitoso. Por dentro, empec\u00e9 a sentir el costo silencioso del estr\u00e9s constante, la responsabilidad y las altas expectativas. Sab\u00eda c\u00f3mo rendir, cumplir y seguir adelante. Pero tambi\u00e9n sabia que algo no estaba en equilibrio.<\/p>\n\n\n\n<p class=\"gb-text gb-text-mk-bio2-p3\">Fue entonces cuando mi inter\u00e9s por la nutrici\u00f3n y el bienestar consciente comenz\u00f3 a tomar nuevo sentido. Empec\u00e9 a explorar c\u00f3mo la forma en la que me nutria, me mov\u00eda y me relacionaba conmigo misma impactaba profundamente mi salud f\u00edsica, sino tambi\u00e9n mi energ\u00eda, mi  equilibrio emocional y mi claridad mental.<\/p>\n\n<\/div>\n\n<div class=\"gb-container gb-container-mk-bio2-img-wrap\">\n\n<figure class=\"gb-block-image gb-block-image-mk-bio2-img\"><img decoding=\"async\" class=\"gb-image gb-image-mk-bio2-img\" src=\"https:\/\/kathysanchez.com\/wp-content\/uploads\/2026\/04\/0C767872-9280-421B-A35E-CC722F47CCBD-scaled-1.webp\" alt=\"Kathy Sanchez corporate wellness transition\" title=\"Kathy Sanchez\"\/><\/figure>\n\n<\/div>\n<\/div>\n<\/div>\n\n<div class=\"gb-container gb-container-mk-bio3 gbp-section\">\n<div class=\"gb-container gb-container-mk-bio3-inner gbp-section__inner\">\n<div class=\"gb-container gb-container-mk-bio3-img-wrap\">\n\n<figure class=\"gb-block-image gb-block-image-mk-bio3-img\"><img decoding=\"async\" class=\"gb-image gb-image-mk-bio3-img\" src=\"https:\/\/kathysanchez.com\/wp-content\/uploads\/2026\/04\/138001A4-B223-4023-8241-919DBC13EB36-scaled-1.webp\" alt=\"Kathy Sanchez meditation and yoga practice\" title=\"Kathy Sanchez\"\/><\/figure>\n\n<\/div>\n\n<div class=\"gb-container gb-container-mk-bio3-text\">\n\n<p class=\"gb-headline gb-headline-mk-bio3-overline gb-headline-text\">CONSTRUYENDO EL M\u00c9TODO<\/p>\n\n\n\n<p class=\"gb-text gb-text-mk-bio3-p1\">Un retiro de meditaci\u00f3n en silencio de 10 d\u00edas en Sri Lanka marc\u00f3 un punto de inflexi\u00f3n profundo en mi vida. En el silencio,  aprend\u00ed a estar presente, a observarme con claridad y a reconectar con lo esencial. Fue ah\u00ed donde comprend\u00ed el poder real de un bienestar integral.<\/p>\n\n\n\n<p class=\"gb-text gb-text-mk-bio3-p2\">M\u00e1s adelante, viaj\u00e9 a India para formarme como maestra de Hatha y Ashtanga Yoga. Ese camino termin\u00f3 de abrir algo en m\u00ed: una claridad profunda sobre mi prop\u00f3sito de acompa\u00f1ar a otros a reconectar consigo mismos y vivir desde un lugar m\u00e1s consciente, enraizado y alineado.<\/p>\n\n<\/div>\n<\/div>\n<\/div>\n\n<div class=\"gb-container gb-container-mk-bio4 gbp-section\">\n<div class=\"gb-container gb-container-mk-bio4-inner gbp-section__inner\">\n<div class=\"gb-container gb-container-mk-bio4-text\">\n\n<p class=\"gb-headline gb-headline-mk-bio4-overline gb-headline-text\">MI INVITACI\u00d3N<\/p>\n\n\n\n<p class=\"gb-text gb-text-mk-bio4-p1\">Hoy, como Health Coach en Nutrici\u00f3n Integrativa y maestra de Yoga, re\u00fano todo lo que he vivido y aprendido \u2014 nutrici\u00f3n, regulaci\u00f3n del sistema nervioso, movimiento, mindfulness y liderazgo personal \u2014 en un enfoque pr\u00e1ctico y humano, dise\u00f1ado para la vida real.<\/p>\n\n\n\n<p class=\"gb-text gb-text-mk-bio4-p2\">Trabajo especialmente con mujeres que sostienen vidas exigentes: capaces, comprometidas y exitosas, pero que por dentro se sienten cansadas, tensas o desconectadas de s\u00ed mismas.<\/p>\n\n\n\n<p class=\"gb-text gb-text-mk-bio4-p3\">Mi trabajo no se trata de perfecci\u00f3n ni de exigirte m\u00e1s. Se trata de crear cambios peque\u00f1os y sostenibles que te permitan volver a ti, sentirte bien en tu cuerpo y construir un bienestar real que puedas sostener en el tiempo.<\/p>\n\n<\/div>\n\n<div class=\"gb-container gb-container-mk-bio4-img-wrap\">\n\n<figure class=\"gb-block-image gb-block-image-mk-bio4-img\"><img decoding=\"async\" class=\"gb-image gb-image-mk-bio4-img\" src=\"https:\/\/kathysanchez.com\/wp-content\/uploads\/2026\/04\/IMG_0123.webp\" alt=\"Kathy Sanchez certified health coach\" title=\"Kathy Sanchez\"\/><\/figure>\n\n<\/div>\n<\/div>\n<\/div>\n\n<div class=\"gb-container gb-container-mk-diosa gbp-section\">\n<div class=\"gb-container gb-container-mk-diosa-inner gbp-section__inner\">\n<div class=\"gb-container gb-container-mk-diosa-left\">\n\n<p class=\"gb-headline gb-headline-mk-diosa-overline gb-headline-text\">EL SIGNIFICADO DETR\u00c1S DE<\/p>\n\n\n\n<h2 class=\"gb-headline gb-headline-mk-diosa-title gb-headline-text\">Diosa<\/h2>\n\n\n<div class=\"gb-container gb-container-mk-diosa-quote-wrap\">\n\n<p class=\"gb-headline gb-headline-mk-diosa-highlight gb-headline-text\">Diosa representa la fuerza que cada mujer lleva dentro \u2014 la que se levanta, nutre, sostiene, transforma y sigue eligi\u00e9ndose, incluso en los momentos dif\u00edciles.<\/p>\n\n<\/div>\n<\/div>\n\n<div class=\"gb-container gb-container-mk-diosa-right\">\n\n<p class=\"gb-text gb-text-mk-diosa-p1\">\"Diosa\" es m\u00e1s que mi apellido \u2014 es un legado de fuerza, resiliencia y amor inquebrantable.<\/p>\n\n\n\n<p class=\"gb-text gb-text-mk-diosa-p2\">Viene de mi madre, una mujer que atraves\u00f3 los desaf\u00edos m\u00e1s profundos de la vida con una fuerza silenciosa, cuya luz nunca se apag\u00f3. Su historia molde\u00f3 la mujer que soy. Su resiliencia se volvi\u00f3 mi base. Su suavidad, incluso en medio del caos, se volvi\u00f3 mi recordatorio de c\u00f3mo se ve el verdadero poder.<\/p>\n\n\n\n<p class=\"gb-text gb-text-mk-diosa-p3\">Este m\u00e9todo es mi manera de transmitir la fuerza que hered\u00e9. Es una invitaci\u00f3n para que cada mujer se reconecte con la Diosa que lleva dentro \u2014 con su vitalidad, su intuici\u00f3n, su equilibrio, su belleza y su esp\u00edritu inquebrantable.<\/p>\n\n<\/div>\n<\/div>\n<\/div>\n\n<div class=\"gb-container gb-container-mk-approach gbp-section\">\n<div class=\"gb-container gb-container-mk-approach-inner gbp-section__inner\">\n<div class=\"gb-container gb-container-mk-approach-header\">\n\n<p class=\"gb-headline gb-headline-mk-approach-overline gb-headline-text\">MI ENFOQUE<\/p>\n\n\n\n<h2 class=\"gb-headline gb-headline-mk-approach-title gb-headline-text\">C\u00d3MO ES MI <em><span style=\"color:#C58B75\">TRABAJO<\/span><\/em><\/h2>\n\n<\/div>\n\n<div class=\"gb-grid-wrapper gb-grid-wrapper-mk-pillars-grid\">\n<div class=\"gb-grid-column gb-grid-column-mk-pillar-01\"><div class=\"gb-container gb-container-mk-pillar-01\">\n<div class=\"gb-container gb-container-mk-pillar-01-circle\">\n\n<span class=\"gb-headline gb-headline-mk-pillar-01-num gb-headline-text\">01<\/span>\n\n<\/div>\n\n\n<h3 class=\"gb-headline gb-headline-mk-pillar-01-title gb-headline-text\">ESENCIA<\/h3>\n\n\n\n<p class=\"gb-text gb-text-mk-pillar-01-sub\">Regresa a Ti<\/p>\n\n\n\n<p class=\"gb-text gb-text-mk-pillar-01-desc\">A trav\u00e9s de claridad emocional, autoconocimiento, journaling y enraizamiento. Espacios donde puedes escucharte sin ruido.<\/p>\n\n<\/div><\/div>\n\n<div class=\"gb-grid-column gb-grid-column-mk-pillar-02\"><div class=\"gb-container gb-container-mk-pillar-02\">\n<div class=\"gb-container gb-container-mk-pillar-02-circle\">\n\n<span class=\"gb-headline gb-headline-mk-pillar-02-num gb-headline-text\">02<\/span>\n\n<\/div>\n\n\n<h3 class=\"gb-headline gb-headline-mk-pillar-02-title gb-headline-text\">ENERG\u00cdA<\/h3>\n\n\n\n<p class=\"gb-text gb-text-mk-pillar-02-sub\">Movimiento + Respiraci\u00f3n<\/p>\n\n\n\n<p class=\"gb-text gb-text-mk-pillar-02-desc\">Yoga, Movimiento som\u00e1tico, respiraci\u00f3n para soltar tensi\u00f3n y  regulaci\u00f3n del sistema nervioso para volver a sentir tu  cuerpo.<\/p>\n\n<\/div><\/div>\n\n<div class=\"gb-grid-column gb-grid-column-mk-pillar-03\"><div class=\"gb-container gb-container-mk-pillar-03\">\n<div class=\"gb-container gb-container-mk-pillar-03-circle\">\n\n<span class=\"gb-headline gb-headline-mk-pillar-03-num gb-headline-text\">03<\/span>\n\n<\/div>\n\n\n<h3 class=\"gb-headline gb-headline-mk-pillar-03-title gb-headline-text\">NUTRICI\u00d3N<\/h3>\n\n\n\n<p class=\"gb-text gb-text-mk-pillar-03-sub\">Vitalidad  Consciente<\/p>\n\n\n\n<p class=\"gb-text gb-text-mk-pillar-03-desc\">Nutrici\u00f3n bioindividual, alimentaci\u00f3n equilibrada, apoyo hormonal y bienestar digestivo. Nutre tu cuerpo con intenci\u00f3n, no con restricci\u00f3n.<\/p>\n\n<\/div><\/div>\n\n<div class=\"gb-grid-column gb-grid-column-mk-pillar-04\"><div class=\"gb-container gb-container-mk-pillar-04\">\n<div class=\"gb-container gb-container-mk-pillar-04-circle\">\n\n<span class=\"gb-headline gb-headline-mk-pillar-04-num gb-headline-text\">04<\/span>\n\n<\/div>\n\n\n<h3 class=\"gb-headline gb-headline-mk-pillar-04-title gb-headline-text\">EXPANSI\u00d3N<\/h3>\n\n\n\n<p class=\"gb-text gb-text-mk-pillar-04-sub\">Integraci\u00f3n + Rituales<\/p>\n\n\n\n<p class=\"gb-text gb-text-mk-pillar-04-desc\">Crear h\u00e1bitos, rituales diarios y transformaci\u00f3n sostenible de una forma que s\u00ed se sostenga en tu d\u00eda a d\u00eda.<\/p>\n\n<\/div><\/div>\n<\/div>\n<\/div>\n<\/div>\n\n<div class=\"gb-container gb-container-mk-cta gbp-section\">\n<div class=\"gb-container gb-container-mk-cta-inner gbp-section__inner\">\n<div class=\"gb-container gb-container-mk-cta-img-wrap\">\n\n<figure class=\"gb-block-image gb-block-image-mk-cta-img\"><img decoding=\"async\" class=\"gb-image gb-image-mk-cta-img\" src=\"https:\/\/kathysanchez.com\/wp-content\/uploads\/2026\/04\/D28CDED0-6934-4EDF-A1A8-C8FDC0AB1BD1-scaled-1.webp\" alt=\"Kathy Sanchez - ready to transform your life\" title=\"Kathy Sanchez\"\/><\/figure>\n\n<\/div>\n\n<div class=\"gb-container gb-container-mk-cta-text\">\n\n<h2 class=\"gb-headline gb-headline-mk-cta-title gb-headline-text\">Lista Para Transformar <em><span style=\"color:#C58B75\">Tu Vida?<\/span><\/em><\/h2>\n\n\n\n<p class=\"gb-text gb-text-mk-cta-body\">Creo en una salud vibrante, en una energ\u00eda sostenible y en la confianza que nace de conocer y honrar verdaderamente tu cuerpo. Mi misi\u00f3n es empoderarte en tu camino de bienestar \u2014 un paso consciente a la vez.<\/p>\n\n\n\n<a class=\"gb-button gb-button-mk-cta-btn\" href=\"\/es\/contact\/\"><span class=\"gb-button-text\">AGENDA TU LLAMADA GRATUITA<\/span><span class=\"gb-icon\"><svg xmlns=\"http:\/\/www.w3.org\/2000\/svg\" width=\"16\" height=\"16\" fill=\"currentColor\" viewbox=\"0 0 16 16\"><path fill-rule=\"evenodd\" d=\"M1 8a.5.5 0 0 1 .5-.5h11.793l-3.147-3.146a.5.5 0 0 1 .708-.708l4 4a.5.5 0 0 1 0 .708l-4 4a.5.5 0 0 1-.708-.708L13.293 8.5H1.5A.5.5 0 0 1 1 8z\"><\/path><\/svg><\/span><\/a>\n\n<\/div>\n<\/div>\n<\/div>","protected":false},"excerpt":{"rendered":"<p>YOUR GUIDE Meet Kathy Behind every high-performing life, there is often an unseen cost. I\u2019ve experienced it and I\u2019ve also learned how to rebuild from a place of balance, clarity, and self-connection. Today, I guide women to do the same. Start Your Journey My Mission To help women step into their highest, most aligned version &#8230; <a title=\"CONOCE A KATHY\" class=\"read-more\" href=\"https:\/\/kathysanchez.com\/es\/meet-kathy\/\" aria-label=\"Leer m\u00e1s sobre Meet Kathy\">Read more<\/a><\/p>","protected":false},"author":1,"featured_media":0,"parent":0,"menu_order":0,"comment_status":"closed","ping_status":"closed","template":"","meta":{"footnotes":""},"class_list":["post-779","page","type-page","status-publish"],"_links":{"self":[{"href":"https:\/\/kathysanchez.com\/es\/wp-json\/wp\/v2\/pages\/779","targetHints":{"allow":["GET"]}}],"collection":[{"href":"https:\/\/kathysanchez.com\/es\/wp-json\/wp\/v2\/pages"}],"about":[{"href":"https:\/\/kathysanchez.com\/es\/wp-json\/wp\/v2\/types\/page"}],"author":[{"embeddable":true,"href":"https:\/\/kathysanchez.com\/es\/wp-json\/wp\/v2\/users\/1"}],"replies":[{"embeddable":true,"href":"https:\/\/kathysanchez.com\/es\/wp-json\/wp\/v2\/comments?post=779"}],"version-history":[{"count":50,"href":"https:\/\/kathysanchez.com\/es\/wp-json\/wp\/v2\/pages\/779\/revisions"}],"predecessor-version":[{"id":1310,"href":"https:\/\/kathysanchez.com\/es\/wp-json\/wp\/v2\/pages\/779\/revisions\/1310"}],"wp:attachment":[{"href":"https:\/\/kathysanchez.com\/es\/wp-json\/wp\/v2\/media?parent=779"}],"curies":[{"name":"wp","href":"https:\/\/api.w.org\/{rel}","templated":true}]}}